{"id":2215,"date":"2024-02-29T19:30:33","date_gmt":"2024-02-29T22:30:33","guid":{"rendered":"https:\/\/mulherdomundo.com\/?page_id=2215"},"modified":"2024-03-05T21:22:38","modified_gmt":"2024-03-06T00:22:38","slug":"sobre-o-coletivo","status":"publish","type":"page","link":"https:\/\/mulherdomundo.com\/index.php\/sobre-o-coletivo\/","title":{"rendered":"Sobre o coletivo"},"content":{"rendered":"<p style=\"text-align: left;\">O Coletivo Mulher do Mundo surgiu em 2017, a partir da uni\u00e3o de mulheres artistas circenses de Bras\u00edlia que idealizaram um projeto que tivesse como base quest\u00f5es importantes das viv\u00eancias das mulheres no mundo e que envolvesse outras linguagens art\u00edsticas como o teatro, a performance e a dan\u00e7a. A partir do II Laborat\u00f3rio de Cria\u00e7\u00e3o de N\u00fameros, realizado no espa\u00e7o Usina e conduzido pela renomada artista \u00c9rika Mesquita (Circo Rebote), foram criados os primeiros n\u00fameros e a base do primeiro espet\u00e1culo. O projeto ent\u00e3o foi crescendo, agregando outras artistas e se consolidando.<\/p>\n<p style=\"text-align: left;\">Passando por algumas forma\u00e7\u00f5es, atualmente \u00e9 composto pelas seguintes int\u00e9rpretes criadoras: Allana Matos, Isadora Dias, Mariana Camargo e Nawa Pey (Clara Lenzi).<\/p>\n<h4>Momentos marcantes<\/h4>\n<p><strong>2018 &#8211;<\/strong> Nossa segunda apresenta\u00e7\u00e3o, dia 08 de mar\u00e7o, no Dia Internacional da Mulher, fechou-se nova parceria com a Cervejaria Criolina para nova apresenta\u00e7\u00e3o. J\u00e1 cont\u00e1vamos com Mari Camargo, Isa Dias, Nawa e Allana Matos no coletivo e foi uma apresenta\u00e7\u00e3o muito emocionante, pois o espa\u00e7o lotou de mulheres que foram para l\u00e1 depois da Marcha das Mulheres. ( Temos v\u00eddeo completo )<\/p>\n<p><strong>2018 &#8211;<\/strong> Em setembro, nossa primeira vers\u00e3o de espet\u00e1culo para teatro comp\u00f4s a programa\u00e7\u00e3o da Mostra Bai\u00e3o de Dois e apresentamos pela primeira vez na Funarte.<\/p>\n<p><strong>2019 &#8211;<\/strong> O coletivo foi contemplado com uma resid\u00eancia art\u00edstica no Espa\u00e7o Cultural Renato Russo, na qual criou o n\u00famero Quatro Tempos, que depois abriu muitas portas.<\/p>\n<p><strong>2019 &#8211;<\/strong> No mesmo ano realizou no Espa\u00e7o Cultural Renato Russo, no Dia Internacional da Mulher 8 de mar\u00e7o, sua primeira Vari\u00e9t\u00e9 Mulher do Mundo, na qual convidou artistas e t\u00e9cnicas da cidade, de fora do coletivo, para participarem.<\/p>\n<p><strong>2019 &#8211;<\/strong> O grupo passou pelo Laborat\u00f3rio da Escola Nacional de Circo Funarte no Rio de Janeiro.<\/p>\n<p><strong>2021 &#8211;<\/strong> Em mar\u00e7o, o coletivo realizou seu primeiro festival online: Festival Internacional Mulher do Mundo. Realizado de forma totalmente independente, o festival durou 3 dias, envolvendo 23 profissionais de 6 pa\u00edses e 6 diferentes regi\u00f5es do Brasil. Al\u00e9m disso, movimentou uma m\u00e9dia de 70 espectadores como p\u00fablico pagante, e no total quase 100 pessoas contemplaram o festival.<\/p>\n<p><strong>2023 &#8211;<\/strong> Apresentou o espet\u00e1culo Entranhas, primeiro projeto que contou com apoio do FAC e uma equipe de dire\u00e7\u00e3o para construir o espet\u00e1culo.<\/p>\n","protected":false},"excerpt":{"rendered":"<p>O Coletivo Mulher do Mundo surgiu em 2017, a partir da uni\u00e3o de mulheres artistas circenses de Bras\u00edlia que idealizaram um projeto que tivesse como base quest\u00f5es importantes das viv\u00eancias das mulheres no mundo e&hellip;<\/p>\n","protected":false},"author":1,"featured_media":0,"parent":0,"menu_order":0,"comment_status":"closed","ping_status":"closed","template":"","meta":{"footnotes":""},"_links":{"self":[{"href":"https:\/\/mulherdomundo.com\/index.php\/wp-json\/wp\/v2\/pages\/2215"}],"collection":[{"href":"https:\/\/mulherdomundo.com\/index.php\/wp-json\/wp\/v2\/pages"}],"about":[{"href":"https:\/\/mulherdomundo.com\/index.php\/wp-json\/wp\/v2\/types\/page"}],"author":[{"embeddable":true,"href":"https:\/\/mulherdomundo.com\/index.php\/wp-json\/wp\/v2\/users\/1"}],"replies":[{"embeddable":true,"href":"https:\/\/mulherdomundo.com\/index.php\/wp-json\/wp\/v2\/comments?post=2215"}],"version-history":[{"count":7,"href":"https:\/\/mulherdomundo.com\/index.php\/wp-json\/wp\/v2\/pages\/2215\/revisions"}],"predecessor-version":[{"id":2627,"href":"https:\/\/mulherdomundo.com\/index.php\/wp-json\/wp\/v2\/pages\/2215\/revisions\/2627"}],"wp:attachment":[{"href":"https:\/\/mulherdomundo.com\/index.php\/wp-json\/wp\/v2\/media?parent=2215"}],"curies":[{"name":"wp","href":"https:\/\/api.w.org\/{rel}","templated":true}]}}