{"id":325,"date":"2018-02-22T10:04:26","date_gmt":"2018-02-22T10:04:26","guid":{"rendered":"https:\/\/mulherdomundo.com\/?page_id=325"},"modified":"2024-03-07T14:05:47","modified_gmt":"2024-03-07T17:05:47","slug":"festival-mulher-do-mundo","status":"publish","type":"page","link":"https:\/\/mulherdomundo.com\/index.php\/festival-mulher-do-mundo\/","title":{"rendered":"Festival Mulher do Mundo"},"content":{"rendered":"\t\t<div data-elementor-type=\"wp-post\" data-elementor-id=\"325\" class=\"elementor elementor-325\">\n\t\t\t\t\t\t<section class=\"elementor-section elementor-top-section elementor-element elementor-element-a08cef9 elementor-section-content-middle elementor-section-justified elementor-section-boxed elementor-section-height-default elementor-section-height-default\" data-id=\"a08cef9\" data-element_type=\"section\">\n\t\t\t\t\t\t<div class=\"elementor-container elementor-column-gap-extended\">\n\t\t\t\t\t<div class=\"elementor-column elementor-col-50 elementor-top-column elementor-element elementor-element-6967ca9 sc_layouts_column_icons_position_left\" data-id=\"6967ca9\" data-element_type=\"column\">\n\t\t\t<div class=\"elementor-widget-wrap elementor-element-populated\">\n\t\t\t\t\t\t<div class=\"elementor-element elementor-element-375ef47 elementor-widget elementor-widget-trx_sc_title\" data-id=\"375ef47\" data-element_type=\"widget\" data-widget_type=\"trx_sc_title.default\">\n\t\t\t\t<div class=\"elementor-widget-container\">\n\t\t\t<div id=\"trx_sc_title_424684839\"\r\n\t\tclass=\"sc_title color_style_default sc_title_default\"><h1 class=\"sc_item_title sc_title_title sc_align_left sc_item_title_style_default sc_item_title_tag\">O Festival<\/h1><div class=\"sc_item_descr sc_title_descr sc_align_left\"><p>O Festival Mulher do Mundo  \u00e9 mais um importante marco na hist\u00f3ria do nosso grupo! A programa\u00e7\u00e3o re\u00fane do dia 07 ao dia 12 de mar\u00e7o de 2024, uma vasta programa\u00e7\u00e3o de oficinas, palestras, mesa de debate e apresenta\u00e7\u00f5es gratuitas presenciais em Bras\u00edlia e virtuais pelo canal do You Tube do Coletivo.<\/p>\n<p>Confiram na aba \"Agenda\",  clicando logo abaixo toda a programa\u00e7\u00e3o detalhada e j\u00e1 marca as datas das atividades que voc\u00ea deseja acompanhar. Assim voc\u00ea n\u00e3o perde nada dessa programa\u00e7\u00e3o repleta  de eventos incr\u00edveis e com artistas maravilhosas!!<\/p>\n<p>O projeto conta com apoio e recursos do Fundo de Apoio \u00e0 Cultura da Secretaria de Cultura e Economia Criativa do Governo do Distrito Federal. <\/p>\n<\/div><\/div><!-- \/.sc_title -->\t\t<\/div>\n\t\t\t\t<\/div>\n\t\t\t\t<section class=\"elementor-section elementor-inner-section elementor-element elementor-element-b31c484 elementor-section-boxed elementor-section-height-default elementor-section-height-default\" data-id=\"b31c484\" data-element_type=\"section\">\n\t\t\t\t\t\t<div class=\"elementor-container elementor-column-gap-extended\">\n\t\t\t\t\t<div class=\"elementor-column elementor-col-50 elementor-inner-column elementor-element elementor-element-3eafd59 sc_layouts_column_icons_position_left\" data-id=\"3eafd59\" data-element_type=\"column\">\n\t\t\t<div class=\"elementor-widget-wrap elementor-element-populated\">\n\t\t\t\t\t\t<div class=\"elementor-element elementor-element-d5759ec elementor-align-center elementor-widget elementor-widget-button\" data-id=\"d5759ec\" data-element_type=\"widget\" data-widget_type=\"button.default\">\n\t\t\t\t<div class=\"elementor-widget-container\">\n\t\t\t\t\t<div class=\"elementor-button-wrapper\">\n\t\t\t<a class=\"elementor-button elementor-button-link elementor-size-sm\" href=\"https:\/\/linktr.ee\/mulher.domundo\">\n\t\t\t\t\t\t<span class=\"elementor-button-content-wrapper\">\n\t\t\t\t\t\t<span class=\"elementor-button-text\">Agenda<\/span>\n\t\t<\/span>\n\t\t\t\t\t<\/a>\n\t\t<\/div>\n\t\t\t\t<\/div>\n\t\t\t\t<\/div>\n\t\t\t\t\t<\/div>\n\t\t<\/div>\n\t\t\t\t<div class=\"elementor-column elementor-col-50 elementor-inner-column elementor-element elementor-element-3752cba sc_layouts_column_icons_position_left\" data-id=\"3752cba\" data-element_type=\"column\">\n\t\t\t<div class=\"elementor-widget-wrap elementor-element-populated\">\n\t\t\t\t\t\t<div class=\"elementor-element elementor-element-e665936 elementor-align-center elementor-widget__width-initial elementor-widget elementor-widget-button\" data-id=\"e665936\" data-element_type=\"widget\" data-widget_type=\"button.default\">\n\t\t\t\t<div class=\"elementor-widget-container\">\n\t\t\t\t\t<div class=\"elementor-button-wrapper\">\n\t\t\t<a class=\"elementor-button elementor-button-link elementor-size-sm\" href=\"https:\/\/linktr.ee\/mulher.domundo\">\n\t\t\t\t\t\t<span class=\"elementor-button-content-wrapper\">\n\t\t\t\t\t\t<span class=\"elementor-button-text\">Inscri\u00e7\u00f5es para as oficinas<\/span>\n\t\t<\/span>\n\t\t\t\t\t<\/a>\n\t\t<\/div>\n\t\t\t\t<\/div>\n\t\t\t\t<\/div>\n\t\t\t\t\t<\/div>\n\t\t<\/div>\n\t\t\t\t\t<\/div>\n\t\t<\/section>\n\t\t\t\t<div class=\"elementor-element elementor-element-0d05143 elementor-widget elementor-widget-spacer\" data-id=\"0d05143\" data-element_type=\"widget\" data-widget_type=\"spacer.default\">\n\t\t\t\t<div class=\"elementor-widget-container\">\n\t\t\t\t\t<div class=\"elementor-spacer\">\n\t\t\t<div class=\"elementor-spacer-inner\"><\/div>\n\t\t<\/div>\n\t\t\t\t<\/div>\n\t\t\t\t<\/div>\n\t\t\t\t\t<\/div>\n\t\t<\/div>\n\t\t\t\t<div class=\"elementor-column elementor-col-50 elementor-top-column elementor-element elementor-element-adcc804 sc_layouts_column_icons_position_left\" data-id=\"adcc804\" data-element_type=\"column\">\n\t\t\t<div class=\"elementor-widget-wrap elementor-element-populated\">\n\t\t\t\t\t\t<div class=\"elementor-element elementor-element-89c4016 elementor-widget elementor-widget-image\" data-id=\"89c4016\" data-element_type=\"widget\" data-widget_type=\"image.default\">\n\t\t\t\t<div class=\"elementor-widget-container\">\n\t\t\t\t\t\t\t\t\t\t\t\t\t<img fetchpriority=\"high\" decoding=\"async\" width=\"768\" height=\"960\" src=\"https:\/\/mulherdomundo.com\/wp-content\/uploads\/2024\/03\/MM_fest_web_programacao-768x960.png\" class=\"attachment-medium_large size-medium_large wp-image-2475\" alt=\"\" srcset=\"https:\/\/mulherdomundo.com\/wp-content\/uploads\/2024\/03\/MM_fest_web_programacao-768x960.png 768w, https:\/\/mulherdomundo.com\/wp-content\/uploads\/2024\/03\/MM_fest_web_programacao-240x300.png 240w, https:\/\/mulherdomundo.com\/wp-content\/uploads\/2024\/03\/MM_fest_web_programacao-819x1024.png 819w, https:\/\/mulherdomundo.com\/wp-content\/uploads\/2024\/03\/MM_fest_web_programacao-1229x1536.png 1229w, https:\/\/mulherdomundo.com\/wp-content\/uploads\/2024\/03\/MM_fest_web_programacao-1638x2048.png 1638w, https:\/\/mulherdomundo.com\/wp-content\/uploads\/2024\/03\/MM_fest_web_programacao-370x463.png 370w, https:\/\/mulherdomundo.com\/wp-content\/uploads\/2024\/03\/MM_fest_web_programacao-812x1015.png 812w, https:\/\/mulherdomundo.com\/wp-content\/uploads\/2024\/03\/MM_fest_web_programacao-406x508.png 406w\" sizes=\"(max-width: 768px) 100vw, 768px\" \/>\t\t\t\t\t\t\t\t\t\t\t\t\t<\/div>\n\t\t\t\t<\/div>\n\t\t\t\t\t<\/div>\n\t\t<\/div>\n\t\t\t\t\t<\/div>\n\t\t<\/section>\n\t\t\t\t<section class=\"elementor-section elementor-top-section elementor-element elementor-element-12f1948 elementor-section-boxed elementor-section-height-default elementor-section-height-default\" data-id=\"12f1948\" data-element_type=\"section\">\n\t\t\t\t\t\t<div class=\"elementor-container elementor-column-gap-extended\">\n\t\t\t\t\t<div class=\"elementor-column elementor-col-100 elementor-top-column elementor-element elementor-element-2d56eed sc_layouts_column_icons_position_left\" data-id=\"2d56eed\" data-element_type=\"column\">\n\t\t\t<div class=\"elementor-widget-wrap\">\n\t\t\t\t\t\t\t<\/div>\n\t\t<\/div>\n\t\t\t\t\t<\/div>\n\t\t<\/section>\n\t\t\t\t<section class=\"elementor-section elementor-top-section elementor-element elementor-element-a4f7435 elementor-section-boxed elementor-section-height-default elementor-section-height-default\" data-id=\"a4f7435\" data-element_type=\"section\">\n\t\t\t\t\t\t<div class=\"elementor-container elementor-column-gap-extended\">\n\t\t\t\t\t<div class=\"elementor-column elementor-col-100 elementor-top-column elementor-element elementor-element-ea54d0b sc_layouts_column_icons_position_left\" data-id=\"ea54d0b\" data-element_type=\"column\">\n\t\t\t<div class=\"elementor-widget-wrap elementor-element-populated\">\n\t\t\t\t\t\t\t<\/div>\n\t\t<\/div>\n\t\t\t\t\t<\/div>\n\t\t<\/section>\n\t\t\t\t<\/div>\n\t\t","protected":false},"excerpt":{"rendered":"<p>O Festival O Festival Mulher do Mundo \u00e9 mais um importante marco na hist\u00f3ria do nosso grupo! A programa\u00e7\u00e3o re\u00fane do dia 07 ao dia 12 de mar\u00e7o de 2024, uma vasta programa\u00e7\u00e3o de oficinas,&hellip;<\/p>\n","protected":false},"author":1,"featured_media":0,"parent":0,"menu_order":0,"comment_status":"closed","ping_status":"closed","template":"","meta":{"footnotes":""},"_links":{"self":[{"href":"https:\/\/mulherdomundo.com\/index.php\/wp-json\/wp\/v2\/pages\/325"}],"collection":[{"href":"https:\/\/mulherdomundo.com\/index.php\/wp-json\/wp\/v2\/pages"}],"about":[{"href":"https:\/\/mulherdomundo.com\/index.php\/wp-json\/wp\/v2\/types\/page"}],"author":[{"embeddable":true,"href":"https:\/\/mulherdomundo.com\/index.php\/wp-json\/wp\/v2\/users\/1"}],"replies":[{"embeddable":true,"href":"https:\/\/mulherdomundo.com\/index.php\/wp-json\/wp\/v2\/comments?post=325"}],"version-history":[{"count":49,"href":"https:\/\/mulherdomundo.com\/index.php\/wp-json\/wp\/v2\/pages\/325\/revisions"}],"predecessor-version":[{"id":2769,"href":"https:\/\/mulherdomundo.com\/index.php\/wp-json\/wp\/v2\/pages\/325\/revisions\/2769"}],"wp:attachment":[{"href":"https:\/\/mulherdomundo.com\/index.php\/wp-json\/wp\/v2\/media?parent=325"}],"curies":[{"name":"wp","href":"https:\/\/api.w.org\/{rel}","templated":true}]}}